{"id":34,"date":"2023-02-12T11:08:00","date_gmt":"2023-02-12T10:08:00","guid":{"rendered":"https:\/\/antikriegskoordination.de\/?page_id=34"},"modified":"2025-09-11T11:10:25","modified_gmt":"2025-09-11T09:10:25","slug":"selbstverstaendnis-zum-krieg-in-der-ukraine","status":"publish","type":"page","link":"https:\/\/antikriegskoordination.de\/?page_id=34","title":{"rendered":"Selbstverst\u00e4ndnis zum Krieg in der Ukraine"},"content":{"rendered":"\n<h3 class=\"wp-block-heading\">(Stand: 12. Juli 2023)<\/h3>\n\n\n\n<p>Vor dem Hintergrund des immer brutaler werdenden Krieges in der Ukraine ist es gerade jetzt wichtig, sich gegen Militarisierung, gegen Aufr\u00fcstung, gegen die weitere Eskalation und f\u00fcr Verhandlungen auszusprechen. Es gibt keine milit\u00e4rische L\u00f6sung dieses Krieges. Die Bundesregierung tr\u00e4gt zur Eskalation bei, indem sie weiter massiv Waffen an die Ukraine liefert und keine Bem\u00fchungen unternimmt, Friedensverhandlungen zu f\u00f6rdern.<\/p>\n\n\n\n<p>Was klar ist: Der russische Angriffskrieg auf die Ukraine ist v\u00f6lkerrechtswidrig. Er birgt die Gefahr eines globalen Fl\u00e4chenbrandes und eines atomaren Krieges. Dieser Krieg ist nicht nur ein Krieg Russlands gegen die Ukraine, er ist auch ein Krieg um die Ukraine, n\u00e4mlich ein Machtkampf zwischen der NATO (USA und EU) auf der einen und Russland auf der anderen Seite.<br>Zur Vorgeschichte des Krieges geh\u00f6rt, dass die NATO seit Jahren eine Versch\u00e4rfung des Konfliktes in Kauf genommen hat. Zur Vorgeschichte geh\u00f6rt auch, dass Russland sich zu einer imperialistischen Macht entwickelt hat. Deshalb stehen wir weder auf der Seite Russlands noch auf der Seite der NATO. Der Krieg muss beendet werden. Es gibt keine Alternative zum Frieden. Die russischen Truppen m\u00fcssen unverz\u00fcglich abziehen.<\/p>\n\n\n\n<p>Jeden Tag sterben hunderte Menschen in diesem Krieg. Unsere Solidarit\u00e4t gilt den Menschen in der Ukraine und in Russland, die leiden, Widerstand leisten oder fl\u00fcchten m\u00fcssen. Wir sind mit denen solidarisch, die desertieren und sich durch Kriegsdienstverweigerungund Flucht dem Krieg entziehen und ihr Leben sch\u00fctzen wollen, die weltweit unter Krieg und Verfolgung leiden \u2013 ihnen muss Asyl und Bleiberecht gew\u00e4hrt werden.<br>Wir m\u00fcssen raus aus dem Konkurrenzkampf von Nationen, Machtbl\u00f6cken und Konzernen hin zu einer Welt ohne Krieg, in der Menschen vor Profiten stehen und ein gutes Leben f\u00fcr alle m\u00f6glich wird. Daf\u00fcr gilt es, sich jetzt sowohl gegen den russischen Einmarsch in der Ukraine zu positionieren und zugleich hier vor Ort gegen eine Unterst\u00fctzung der NATO und gegen die Militarisierung in Deutschland zu k\u00e4mpfen. Wir wollen die Solidarit\u00e4t von unten aufbauen!<\/p>\n\n\n\n<ul class=\"wp-block-list\">\n<li>Aufnahme und Bleiberecht f\u00fcr alle Gefl\u00fcchteten, Asyl f\u00fcr alle Deserteur*innen<\/li>\n\n\n\n<li>Sofortiger Waffenstillstand und Stopp der Kriegshandlungen<\/li>\n\n\n\n<li>Keine Eskalation durch Russland und die NATO. Stoppt die Waffenlieferungen!<\/li>\n\n\n\n<li>Solidarit\u00e4t mit Antikriegsbewegungen und Kriegsdienstverweiger*innen in Russland und der Ukraine<\/li>\n\n\n\n<li>Nein zur Aufr\u00fcstung der Bundeswehr und der NATO \u2013 Geld f\u00fcr Klima und Soziales<\/li>\n<\/ul>\n","protected":false},"excerpt":{"rendered":"<p>(Stand: 12. Juli 2023) Vor dem Hintergrund des immer brutaler werdenden Krieges in der Ukraine ist es gerade jetzt wichtig, sich gegen Militarisierung, gegen Aufr\u00fcstung, gegen die weitere Eskalation und f\u00fcr Verhandlungen auszusprechen. Es gibt keine milit\u00e4rische L\u00f6sung dieses Krieges. Die Bundesregierung tr\u00e4gt zur Eskalation bei, indem sie weiter massiv Waffen an die Ukraine liefert [&hellip;]<\/p>\n","protected":false},"author":1,"featured_media":0,"parent":0,"menu_order":0,"comment_status":"closed","ping_status":"closed","template":"","meta":{"footnotes":""},"class_list":["post-34","page","type-page","status-publish","hentry"],"_links":{"self":[{"href":"https:\/\/antikriegskoordination.de\/index.php?rest_route=\/wp\/v2\/pages\/34","targetHints":{"allow":["GET"]}}],"collection":[{"href":"https:\/\/antikriegskoordination.de\/index.php?rest_route=\/wp\/v2\/pages"}],"about":[{"href":"https:\/\/antikriegskoordination.de\/index.php?rest_route=\/wp\/v2\/types\/page"}],"author":[{"embeddable":true,"href":"https:\/\/antikriegskoordination.de\/index.php?rest_route=\/wp\/v2\/users\/1"}],"replies":[{"embeddable":true,"href":"https:\/\/antikriegskoordination.de\/index.php?rest_route=%2Fwp%2Fv2%2Fcomments&post=34"}],"version-history":[{"count":1,"href":"https:\/\/antikriegskoordination.de\/index.php?rest_route=\/wp\/v2\/pages\/34\/revisions"}],"predecessor-version":[{"id":35,"href":"https:\/\/antikriegskoordination.de\/index.php?rest_route=\/wp\/v2\/pages\/34\/revisions\/35"}],"wp:attachment":[{"href":"https:\/\/antikriegskoordination.de\/index.php?rest_route=%2Fwp%2Fv2%2Fmedia&parent=34"}],"curies":[{"name":"wp","href":"https:\/\/api.w.org\/{rel}","templated":true}]}}